{"id":10,"date":"2014-08-01T17:26:32","date_gmt":"2014-08-01T17:26:32","guid":{"rendered":"http:\/\/osnovnaskolakrk.hr\/baska\/?page_id=10"},"modified":"2025-09-01T19:44:58","modified_gmt":"2025-09-01T19:44:58","slug":"knjiznica","status":"publish","type":"page","link":"http:\/\/osnovnaskolakrk.hr\/baska\/?page_id=10","title":{"rendered":"Kalendar rada"},"content":{"rendered":"\n<p>Nastavna 2025.\/2026. godina po\u010dinje 8. rujna 2025., a zavr\u0161ava 12. lipnja 2026. Ustrojava se u dva polugodi\u0161ta: prvo \u0107e trajati od 8. rujna do 23. prosinca 2025. godine, a drugo od 12. sije\u010dnja do 12. lipnja 2026. godine.<\/p>\n\n\n\n<p>Novost je ukidanje jesenskih i drugog dijela zimskih praznika i da se oni izvode u jednom dijelu. Praznici u 2025.\/2026. raspore\u0111eni su na sljede\u0107i na\u010din:<\/p>\n\n\n\n<ul>\n<li><strong>zimski praznici&nbsp;<\/strong>po\u010dinju 24. prosinca 2025. godine i traju do 9. sije\u010dnja 2026. godine, s tim da nastava po\u010dinje 12. sije\u010dnja 2026. godine<\/li>\n\n\n\n<li><strong>proljetni praznici<\/strong>&nbsp;po\u010dinju 30. o\u017eujka 2026. godine i zavr\u0161avaju 6. travnja 2026 . godine, s tim da nastava po\u010dinje 7. travnja 2026. godine<\/li>\n\n\n\n<li><strong>ljetni praznici<\/strong>&nbsp;po\u010dinju 15. lipnja 2026. godine<\/li>\n<\/ul>\n","protected":false},"excerpt":{"rendered":"<p>Nastavna 2025.\/2026. godina po\u010dinje 8. rujna 2025., a zavr\u0161ava 12. lipnja 2026. Ustrojava se u dva polugodi\u0161ta: prvo \u0107e trajati od 8. rujna do 23. prosinca 2025. godine, a drugo od 12. sije\u010dnja do 12. lipnja 2026. godine. Novost je ukidanje jesenskih i drugog dijela zimskih praznika i da se oni izvode u jednom dijelu. [&hellip;]<\/p>\n","protected":false},"author":1,"featured_media":0,"parent":0,"menu_order":0,"comment_status":"closed","ping_status":"open","template":"","meta":[],"_links":{"self":[{"href":"http:\/\/osnovnaskolakrk.hr\/baska\/index.php?rest_route=\/wp\/v2\/pages\/10"}],"collection":[{"href":"http:\/\/osnovnaskolakrk.hr\/baska\/index.php?rest_route=\/wp\/v2\/pages"}],"about":[{"href":"http:\/\/osnovnaskolakrk.hr\/baska\/index.php?rest_route=\/wp\/v2\/types\/page"}],"author":[{"embeddable":true,"href":"http:\/\/osnovnaskolakrk.hr\/baska\/index.php?rest_route=\/wp\/v2\/users\/1"}],"replies":[{"embeddable":true,"href":"http:\/\/osnovnaskolakrk.hr\/baska\/index.php?rest_route=%2Fwp%2Fv2%2Fcomments&post=10"}],"version-history":[{"count":6,"href":"http:\/\/osnovnaskolakrk.hr\/baska\/index.php?rest_route=\/wp\/v2\/pages\/10\/revisions"}],"predecessor-version":[{"id":3016,"href":"http:\/\/osnovnaskolakrk.hr\/baska\/index.php?rest_route=\/wp\/v2\/pages\/10\/revisions\/3016"}],"wp:attachment":[{"href":"http:\/\/osnovnaskolakrk.hr\/baska\/index.php?rest_route=%2Fwp%2Fv2%2Fmedia&parent=10"}],"curies":[{"name":"wp","href":"https:\/\/api.w.org\/{rel}","templated":true}]}}