{"id":1990,"date":"2021-11-23T07:08:22","date_gmt":"2021-11-23T07:08:22","guid":{"rendered":"https:\/\/osnovnaskolakrk.hr\/baska\/?page_id=1990"},"modified":"2021-11-23T07:08:22","modified_gmt":"2021-11-23T07:08:22","slug":"zahtjev-za-otkaz-ugovora-o-pruzanju-usluge-marende-i-produzenog-boravka","status":"publish","type":"page","link":"http:\/\/osnovnaskolakrk.hr\/baska\/?page_id=1990","title":{"rendered":"Zahtjev za otkaz ugovora o pru\u017eanju usluge marende i produ\u017eenog boravka"},"content":{"rendered":"\n<p>Po\u0161tovani roditelji,<\/p>\n\n\n\n<p>prilikom otkazivanja usluga marende i produ\u017eenog boravka svojem razredniku\/razrednici donesite ispunjen obrazac. Molimo vas da obrazac dostavite u \u0161kolu do 20. u mjesecu za sljede\u0107i mjesec.<\/p>\n\n\n\n<p><a href=\"http:\/\/osnovnaskolakrk.hr\/punat\/zahtjev-za-otkaz-ugovora-o-pruzanju-usluge-marende-i-produzenog-boravka\/zahtjev-za-otkaz-ugovora-o-pruzanju-usluge-marende-i-produzenog-boravka\/\">Zahtjev za otkaz ugovora o pru\u017eanju usluge marende i produ\u017eenog boravka.<\/a><\/p>\n","protected":false},"excerpt":{"rendered":"<p>Po\u0161tovani roditelji, prilikom otkazivanja usluga marende i produ\u017eenog boravka svojem razredniku\/razrednici donesite ispunjen obrazac. Molimo vas da obrazac dostavite u \u0161kolu do 20. u mjesecu za sljede\u0107i mjesec. Zahtjev za otkaz ugovora o pru\u017eanju usluge marende i produ\u017eenog boravka.<\/p>\n","protected":false},"author":1,"featured_media":0,"parent":0,"menu_order":0,"comment_status":"closed","ping_status":"closed","template":"","meta":[],"_links":{"self":[{"href":"http:\/\/osnovnaskolakrk.hr\/baska\/index.php?rest_route=\/wp\/v2\/pages\/1990"}],"collection":[{"href":"http:\/\/osnovnaskolakrk.hr\/baska\/index.php?rest_route=\/wp\/v2\/pages"}],"about":[{"href":"http:\/\/osnovnaskolakrk.hr\/baska\/index.php?rest_route=\/wp\/v2\/types\/page"}],"author":[{"embeddable":true,"href":"http:\/\/osnovnaskolakrk.hr\/baska\/index.php?rest_route=\/wp\/v2\/users\/1"}],"replies":[{"embeddable":true,"href":"http:\/\/osnovnaskolakrk.hr\/baska\/index.php?rest_route=%2Fwp%2Fv2%2Fcomments&post=1990"}],"version-history":[{"count":1,"href":"http:\/\/osnovnaskolakrk.hr\/baska\/index.php?rest_route=\/wp\/v2\/pages\/1990\/revisions"}],"predecessor-version":[{"id":1991,"href":"http:\/\/osnovnaskolakrk.hr\/baska\/index.php?rest_route=\/wp\/v2\/pages\/1990\/revisions\/1991"}],"wp:attachment":[{"href":"http:\/\/osnovnaskolakrk.hr\/baska\/index.php?rest_route=%2Fwp%2Fv2%2Fmedia&parent=1990"}],"curies":[{"name":"wp","href":"https:\/\/api.w.org\/{rel}","templated":true}]}}