{"id":104,"date":"2013-05-29T06:04:56","date_gmt":"2013-05-29T06:04:56","guid":{"rendered":"http:\/\/osnovnaskolakrk.hr\/krk\/?page_id=104"},"modified":"2020-10-19T10:44:00","modified_gmt":"2020-10-19T10:44:00","slug":"bonton","status":"publish","type":"page","link":"http:\/\/osnovnaskolakrk.hr\/krk\/bonton\/","title":{"rendered":"Bonton"},"content":{"rendered":"<h2><span style=\"color: #339966;\"><b>Za\u0161to je lijepo pona\u0161anje va\u017eno?<\/b><\/span><\/h2>\n<p>U \u0161koli se svakodnevno susre\u0107emo sa<br \/>\nsvojim prijateljima, u\u010diteljima i drugim djelatnicima.<br \/>\nZnamo li se lijepo pona\u0161ati,<br \/>\noni \u0107e rado provoditi vrijeme s nama,<br \/>\na\u2026 priznajmo, svi mi \u017eelimo<br \/>\nimati prijatelje.<\/p>\n<p>\u0160to se ljep\u0161e pona\u0161a\u0161 prema drugima,<br \/>\ni oni \u0107e se ljep\u0161e odnositi prema tebi.<br \/>\nTo je pravi na\u010din da ima\u0161 prijatelja<br \/>\nkoji \u0107e te po\u0161tivati.<\/p>\n<p>Lijepo je pona\u0161anje va\u017eno i u knji\u017enici.<br \/>\nOsim tebe, u knji\u017enici borave i drugi ljudi,<br \/>\nzato je va\u017eno da budemo tihi i pristojni<br \/>\ni da ne smetamo jedni drugima.<\/p>\n<h2><span style=\"color: #339966;\">Kako se pona\u0161ati u knji\u017enici?<\/span><\/h2>\n<p>Imam svoju \u010dlansku iskaznicu.<br \/>\nKada idem u knji\u017enicu, nosim je sa sobom.<\/p>\n<p>U knji\u017enici se pona\u0161am pristojno: ne vi\u010dem, ne tr\u010dim, ne ometam druge u\u010denike prisutne u knji\u017enici.<\/p>\n<p>U knji\u017enici ne jedem i ne pijem.<br \/>\nMrlje od hrane i pi\u0107a ne izgledaju lijepo na knjigama, stolu, podu.<\/p>\n<p>Prije nego odem iz knji\u017enice, pospremim za sobom<br \/>\nTako da knji\u017enica bude uredna i za druge u\u010denike.<\/p>\n<p>Odgovorno se koristim ra\u010dunalima u knji\u017enici. Razumijem da sam samo korisnik ra\u010dunala i da ne smijem mijenjati njihove postavke.<\/p>\n<p>\u010cuvam posu\u0111ene knjige, ne \u0161aram po njima niti ih trgam. To je va\u017eno zato da bi i drugi u\u010denici mogli u\u017eivati u \u010ditanju jednako kao i ja.<\/p>\n<h2><span style=\"color: #339966;\">Dragi roditelji!<\/span><\/h2>\n<p>U\u010dite dijete samostalnom kori\u0161tenju knji\u017enice \u2013<br \/>\nTako odgajate samostalno mlado bi\u0107e<br \/>\nKoji slobodno traga me\u0111u policama knjiga,<br \/>\nRazvija znati\u017eelju i vlastiti istra\u017eiva\u010dki duh.<\/p>\n<p>Podsje\u0107ajte dijete na va\u017enost<br \/>\npristojnog pona\u0161anja u knji\u017enici \u2013<br \/>\ntako \u0107e izrasti u osobu<br \/>\nkoja se lijepo pona\u0161a me\u0111u ljudima<br \/>\nte je uvijek rado prihva\u0107eno dru\u0161tvo.<\/p>\n<p>\u010citajte ovo zajedno sa svojim djetetom<br \/>\nI poka\u017eite mu osobnim primjerom.<\/p>\n<p>\u0160kolska knji\u017enica pravo je mjesto<br \/>\nZa prve korake lijepog pona\u0161anja.<\/p>\n<p>Me\u0111unarodna Eko-\u0161kola<br \/>\nOsnovna \u0161kola<br \/>\n\u00abFran Krsto Frankopan\u00bb Krk<br \/>\nFrankopanska 40<br \/>\n51500 Krk<br \/>\ntel: 051\/661-920; fax: 051\/661-943<\/p>\n","protected":false},"excerpt":{"rendered":"<p>Za\u0161to je lijepo pona\u0161anje va\u017eno? U \u0161koli se svakodnevno susre\u0107emo sa svojim prijateljima, u\u010diteljima i drugim djelatnicima. Znamo li se lijepo pona\u0161ati, oni \u0107e rado provoditi vrijeme s nama, a\u2026 priznajmo, svi mi \u017eelimo imati prijatelje. \u0160to se ljep\u0161e pona\u0161a\u0161 prema drugima, i oni \u0107e se ljep\u0161e odnositi prema tebi. To je pravi na\u010din da [&hellip;]<\/p>\n","protected":false},"author":1,"featured_media":0,"parent":0,"menu_order":0,"comment_status":"closed","ping_status":"open","template":"","meta":[],"_links":{"self":[{"href":"http:\/\/osnovnaskolakrk.hr\/krk\/wp-json\/wp\/v2\/pages\/104"}],"collection":[{"href":"http:\/\/osnovnaskolakrk.hr\/krk\/wp-json\/wp\/v2\/pages"}],"about":[{"href":"http:\/\/osnovnaskolakrk.hr\/krk\/wp-json\/wp\/v2\/types\/page"}],"author":[{"embeddable":true,"href":"http:\/\/osnovnaskolakrk.hr\/krk\/wp-json\/wp\/v2\/users\/1"}],"replies":[{"embeddable":true,"href":"http:\/\/osnovnaskolakrk.hr\/krk\/wp-json\/wp\/v2\/comments?post=104"}],"version-history":[{"count":9,"href":"http:\/\/osnovnaskolakrk.hr\/krk\/wp-json\/wp\/v2\/pages\/104\/revisions"}],"predecessor-version":[{"id":5075,"href":"http:\/\/osnovnaskolakrk.hr\/krk\/wp-json\/wp\/v2\/pages\/104\/revisions\/5075"}],"wp:attachment":[{"href":"http:\/\/osnovnaskolakrk.hr\/krk\/wp-json\/wp\/v2\/media?parent=104"}],"curies":[{"name":"wp","href":"https:\/\/api.w.org\/{rel}","templated":true}]}}