{"id":2683,"date":"2017-09-08T10:36:04","date_gmt":"2017-09-08T10:36:04","guid":{"rendered":"http:\/\/osnovnaskolakrk.hr\/krk\/?page_id=2683"},"modified":"2019-10-11T10:05:03","modified_gmt":"2019-10-11T10:05:03","slug":"u-skoli-2","status":"publish","type":"page","link":"http:\/\/osnovnaskolakrk.hr\/krk\/u-skoli-2\/","title":{"rendered":"U \u0160KOLI"},"content":{"rendered":"<p><span style=\"font-size: 18pt;\"><strong><span style=\"font-family: 'book antiqua', palatino, serif;\">Mala staroslavenska akademija &#8221; Dr. Antun Mahni\u0107&#8221;<\/span><\/strong><\/span><\/p>\n<p><span style=\"font-size: 12pt; font-family: 'book antiqua', palatino, serif;\">Projekt je zapo\u010deo 1998. godine i jo\u0161 uvijek je aktivan!<\/span><\/p>\n<p><a href=\"https:\/\/osnovnaskolakrk.hr\/mala-staroslavenska-akademija-dr-antun-mahnic\/\">Pogledajte vi\u0161e&#8230;<\/a><\/p>\n<p>************<\/p>\n<p><span style=\"font-size: 18pt;\"><strong><span style=\"font-family: 'book antiqua', palatino, serif;\">Bo\u017ei\u0107no- novogodi\u0161nji koncert<\/span><\/strong><\/span><\/p>\n<p><span style=\"font-size: 12pt; font-family: 'book antiqua', palatino, serif;\">Projekt je zapo\u010deo 2000. godine i jo\u0161 uvijek je aktivan!<\/span><\/p>\n<p>************<\/p>\n<p><span style=\"font-size: 18pt;\"><strong><span style=\"font-family: 'book antiqua', palatino, serif;\">Ekoprojekt <em>Maslina<\/em><\/span><\/strong><\/span><\/p>\n<p><span style=\"font-size: 12pt; font-family: 'book antiqua', palatino, serif;\">Projekt je zapo\u010deo 2016. godine i jo\u0161 uvijek je aktivan!<\/span><\/p>\n<p><span style=\"font-size: 12pt; font-family: 'book antiqua', palatino, serif;\">(vi\u0161e o ovim projektima prona\u0107i \u0107ete \u010ditaju\u0107i rubriku novosti ili na stranici\u00a0http:\/\/osnovnaskolakrk.hr\/)<\/span><\/p>\n","protected":false},"excerpt":{"rendered":"<p>Mala staroslavenska akademija &#8221; Dr. Antun Mahni\u0107&#8221; Projekt je zapo\u010deo 1998. godine i jo\u0161 uvijek je aktivan! Pogledajte vi\u0161e&#8230; ************ Bo\u017ei\u0107no- novogodi\u0161nji koncert Projekt je zapo\u010deo 2000. godine i jo\u0161 uvijek je aktivan! ************ Ekoprojekt Maslina Projekt je zapo\u010deo 2016. godine i jo\u0161 uvijek je aktivan! (vi\u0161e o ovim projektima prona\u0107i \u0107ete \u010ditaju\u0107i rubriku novosti [&hellip;]<\/p>\n","protected":false},"author":13,"featured_media":0,"parent":0,"menu_order":0,"comment_status":"closed","ping_status":"closed","template":"","meta":[],"_links":{"self":[{"href":"http:\/\/osnovnaskolakrk.hr\/krk\/wp-json\/wp\/v2\/pages\/2683"}],"collection":[{"href":"http:\/\/osnovnaskolakrk.hr\/krk\/wp-json\/wp\/v2\/pages"}],"about":[{"href":"http:\/\/osnovnaskolakrk.hr\/krk\/wp-json\/wp\/v2\/types\/page"}],"author":[{"embeddable":true,"href":"http:\/\/osnovnaskolakrk.hr\/krk\/wp-json\/wp\/v2\/users\/13"}],"replies":[{"embeddable":true,"href":"http:\/\/osnovnaskolakrk.hr\/krk\/wp-json\/wp\/v2\/comments?post=2683"}],"version-history":[{"count":6,"href":"http:\/\/osnovnaskolakrk.hr\/krk\/wp-json\/wp\/v2\/pages\/2683\/revisions"}],"predecessor-version":[{"id":4352,"href":"http:\/\/osnovnaskolakrk.hr\/krk\/wp-json\/wp\/v2\/pages\/2683\/revisions\/4352"}],"wp:attachment":[{"href":"http:\/\/osnovnaskolakrk.hr\/krk\/wp-json\/wp\/v2\/media?parent=2683"}],"curies":[{"name":"wp","href":"https:\/\/api.w.org\/{rel}","templated":true}]}}