{"id":151,"date":"2013-10-17T20:13:13","date_gmt":"2013-10-17T20:13:13","guid":{"rendered":"http:\/\/osnovnaskolakrk.hr\/vrbnik\/?page_id=151"},"modified":"2025-09-04T19:11:53","modified_gmt":"2025-09-04T19:11:53","slug":"oglasna-ploca","status":"publish","type":"page","link":"http:\/\/osnovnaskolakrk.hr\/vrbnik\/oglasna-ploca\/","title":{"rendered":"Vremenik informacija"},"content":{"rendered":"<p style=\"text-align: center;\"><strong>\u0160KOLSKA GODINA 2025.\/2026.<\/strong><\/p>\n<p style=\"text-align: center;\"><strong><em>RODITELJSKI\u00a0 SASTANAK\u00a0 \/\u00a0 INFORMACIJE\u00a0 :<\/em><\/strong><\/p>\n<p style=\"text-align: center;\"><strong><em>ZADNJI\u00a0 \u010cETVRTAK\u00a0 U\u00a0 MJESECU<\/em><\/strong><\/p>\n<p style=\"text-align: center;\"><span style=\"color: #ff0000;\"><em>Individualni razgovori s predmetnim u\u010diteljima odr\u017eavat \u0107e se u navedenim terminima isklju\u010divo uz prethodnu najavu razrednicima\u00a0<strong>telefonskim putem<\/strong>. <\/em><\/span><\/p>\n<p style=\"text-align: center;\"><span style=\"color: #ff0000;\"><em>Informacije se ne daju tijekom malih i velikih odmora niti posljednja dva tjedna nastave.<\/em><\/span><\/p>\n<p>INDIVIDUALNI\u00a0 INFORMATIVNI\u00a0 RAZGOVORI\u00a0TIJEKOM\u00a0 TJEDNA :<\/p>\n<p><img loading=\"lazy\" decoding=\"async\" class=\"aligncenter size-full wp-image-10585\" src=\"http:\/\/osnovnaskolakrk.hr\/vrbnik\/wp-content\/uploads\/2025\/09\/informacije.jpg\" alt=\"\" width=\"441\" height=\"597\" \/><\/p>\n<p><strong><em><u>P\u0160 VRBNIK\u00a0 &#8211; planirani roditeljski sastanci:<\/u><\/em><\/strong><\/p>\n<p><img loading=\"lazy\" decoding=\"async\" class=\"aligncenter size-full wp-image-10586\" src=\"http:\/\/osnovnaskolakrk.hr\/vrbnik\/wp-content\/uploads\/2025\/09\/sastanci.jpg\" alt=\"\" width=\"407\" height=\"498\" \/><\/p>\n<p>&nbsp;<\/p>\n<p>&nbsp;<\/p>\n<p>&nbsp;<\/p>\n","protected":false},"excerpt":{"rendered":"<p>\u0160KOLSKA GODINA 2025.\/2026. RODITELJSKI\u00a0 SASTANAK\u00a0 \/\u00a0 INFORMACIJE\u00a0 : ZADNJI\u00a0 \u010cETVRTAK\u00a0 U\u00a0 MJESECU Individualni razgovori s predmetnim u\u010diteljima odr\u017eavat \u0107e se u navedenim terminima isklju\u010divo uz prethodnu najavu razrednicima\u00a0telefonskim putem. Informacije se ne daju tijekom malih i velikih odmora niti posljednja dva tjedna nastave. INDIVIDUALNI\u00a0 INFORMATIVNI\u00a0 RAZGOVORI\u00a0TIJEKOM\u00a0 TJEDNA : P\u0160 VRBNIK\u00a0 &#8211; planirani roditeljski sastanci: &nbsp; [&hellip;]<\/p>\n","protected":false},"author":1,"featured_media":0,"parent":0,"menu_order":0,"comment_status":"open","ping_status":"open","template":"","meta":{"footnotes":""},"class_list":["post-151","page","type-page","status-publish","hentry"],"_links":{"self":[{"href":"http:\/\/osnovnaskolakrk.hr\/vrbnik\/wp-json\/wp\/v2\/pages\/151","targetHints":{"allow":["GET"]}}],"collection":[{"href":"http:\/\/osnovnaskolakrk.hr\/vrbnik\/wp-json\/wp\/v2\/pages"}],"about":[{"href":"http:\/\/osnovnaskolakrk.hr\/vrbnik\/wp-json\/wp\/v2\/types\/page"}],"author":[{"embeddable":true,"href":"http:\/\/osnovnaskolakrk.hr\/vrbnik\/wp-json\/wp\/v2\/users\/1"}],"replies":[{"embeddable":true,"href":"http:\/\/osnovnaskolakrk.hr\/vrbnik\/wp-json\/wp\/v2\/comments?post=151"}],"version-history":[{"count":38,"href":"http:\/\/osnovnaskolakrk.hr\/vrbnik\/wp-json\/wp\/v2\/pages\/151\/revisions"}],"predecessor-version":[{"id":10587,"href":"http:\/\/osnovnaskolakrk.hr\/vrbnik\/wp-json\/wp\/v2\/pages\/151\/revisions\/10587"}],"wp:attachment":[{"href":"http:\/\/osnovnaskolakrk.hr\/vrbnik\/wp-json\/wp\/v2\/media?parent=151"}],"curies":[{"name":"wp","href":"https:\/\/api.w.org\/{rel}","templated":true}]}}