{"id":247,"date":"2013-10-18T11:00:53","date_gmt":"2013-10-18T11:00:53","guid":{"rendered":"http:\/\/osnovnaskolakrk.hr\/vrbnik\/?page_id=247"},"modified":"2025-08-30T11:36:26","modified_gmt":"2025-08-30T11:36:26","slug":"predmetna-nastava","status":"publish","type":"page","link":"http:\/\/osnovnaskolakrk.hr\/vrbnik\/predmetna-nastava\/","title":{"rendered":"PREDMETNA NASTAVA"},"content":{"rendered":"<p><strong>Predmetni u\u010ditelji \u0161k. god. 2025.\/2026.<\/strong><\/p>\n<p>Mirela Sparo\u017ei\u0107 &#8211; Hrvatski jezik<\/p>\n<p>\u017deljka Komlenac &#8211; Glazbena kultura<\/p>\n<p>Ana Lukani\u0107 &#8211; Likovna kultura<\/p>\n<p>Maria Elena Brusi\u0107 &#8211; Engleski jezik<\/p>\n<p>Ana Matani\u0107 &#8211; Matematika<\/p>\n<p>Lucija \u0160arini\u0107\u00a0&#8211; Priroda, Biologija, Kemija<\/p>\n<p>Adrian \u0160karica &#8211; Fizika<\/p>\n<p>Ibojka Mu\u017edeka Mesaro\u0161 &#8211; Tehni\u010dka kultura<\/p>\n<p>Matea Kosi\u0107 &#8211; Geografija<\/p>\n<p>Dina Valkovi\u0107 &#8211; Povijest<\/p>\n<p>Katarina Mara\u017e &#8211; Tjelesna i zdravstvena kultura<\/p>\n<p>Klaudija Topi\u0107 Matkovi\u0107 &#8211; Informatika<\/p>\n<p>Slavica Petrinovi\u0107 &#8211; Vjeronauk<\/p>\n<p>Martina Jurjevi\u0107 &#8211; Vjeronauk<\/p>\n<p>Marija Magli\u0107 &#8211; Njema\u010dki jezik<\/p>\n<p>&nbsp;<\/p>\n","protected":false},"excerpt":{"rendered":"<p>Predmetni u\u010ditelji \u0161k. god. 2025.\/2026. Mirela Sparo\u017ei\u0107 &#8211; Hrvatski jezik \u017deljka Komlenac &#8211; Glazbena kultura Ana Lukani\u0107 &#8211; Likovna kultura Maria Elena Brusi\u0107 &#8211; Engleski jezik Ana Matani\u0107 &#8211; Matematika Lucija \u0160arini\u0107\u00a0&#8211; Priroda, Biologija, Kemija Adrian \u0160karica &#8211; Fizika Ibojka Mu\u017edeka Mesaro\u0161 &#8211; Tehni\u010dka kultura Matea Kosi\u0107 &#8211; Geografija Dina Valkovi\u0107 &#8211; Povijest Katarina Mara\u017e [&hellip;]<\/p>\n","protected":false},"author":3,"featured_media":0,"parent":0,"menu_order":0,"comment_status":"open","ping_status":"open","template":"","meta":{"footnotes":""},"class_list":["post-247","page","type-page","status-publish","hentry"],"_links":{"self":[{"href":"http:\/\/osnovnaskolakrk.hr\/vrbnik\/wp-json\/wp\/v2\/pages\/247","targetHints":{"allow":["GET"]}}],"collection":[{"href":"http:\/\/osnovnaskolakrk.hr\/vrbnik\/wp-json\/wp\/v2\/pages"}],"about":[{"href":"http:\/\/osnovnaskolakrk.hr\/vrbnik\/wp-json\/wp\/v2\/types\/page"}],"author":[{"embeddable":true,"href":"http:\/\/osnovnaskolakrk.hr\/vrbnik\/wp-json\/wp\/v2\/users\/3"}],"replies":[{"embeddable":true,"href":"http:\/\/osnovnaskolakrk.hr\/vrbnik\/wp-json\/wp\/v2\/comments?post=247"}],"version-history":[{"count":14,"href":"http:\/\/osnovnaskolakrk.hr\/vrbnik\/wp-json\/wp\/v2\/pages\/247\/revisions"}],"predecessor-version":[{"id":10568,"href":"http:\/\/osnovnaskolakrk.hr\/vrbnik\/wp-json\/wp\/v2\/pages\/247\/revisions\/10568"}],"wp:attachment":[{"href":"http:\/\/osnovnaskolakrk.hr\/vrbnik\/wp-json\/wp\/v2\/media?parent=247"}],"curies":[{"name":"wp","href":"https:\/\/api.w.org\/{rel}","templated":true}]}}