{"id":1167,"date":"2016-01-11T16:00:00","date_gmt":"2016-01-11T16:00:00","guid":{"rendered":"http:\/\/osnovnaskolakrk.hr\/vrh\/?page_id=1167"},"modified":"2026-03-05T19:22:31","modified_gmt":"2026-03-05T19:22:31","slug":"tjedni-jelovnik-u-skolskoj-kuhinji","status":"publish","type":"page","link":"http:\/\/osnovnaskolakrk.hr\/vrh\/?page_id=1167","title":{"rendered":"Tjedni jelovnik u \u0161kolskoj kuhinji"},"content":{"rendered":"\n<p><strong>TJEDAN 1<\/strong><br>PON: pure\u0107a \u0161unka, sir, kruh, \u010daj<br>UTO: gula\u0161 s palentom, kruh, sok<br>SRI: maslac, marmelada, med, kruh i mlijeko<br>\u010cET: piletina u umaku, ri\u017ei-bi\u017ei, kruh, voda<br>PET: griz na mlijeku, kola\u010d, \u010daj, sezonsko vo\u0107e<\/p>\n\n\n\n<p><strong>TJEDAN 2<\/strong><br>PON: sirni namaz, kruh, bijela kava<br>UTO: pa\u0161ta bolonjez, cikla, kruh, sok<br>SRI: pa\u0161teta od tune\/jetrena pa\u0161teta, kruh, \u010daj<br>\u010cET: mane\u0161tra od je\u010dma, kruh, sok<br>PET: linolada, kruh, \u010daj, sezonsko vo\u0107e<\/p>\n\n\n\n<p><strong>TJEDAN 3<\/strong><br>PON: \u010dajna salama, sir, pecivo, \u010daj<br>UTO: \u0107ufte, pire krumpir, kruh, sok<br>SRI: pizza, sok<br>\u010cET: pohana puretina, blitva, kruh, voda<br>PET: maslac, marmelada, kruh, jogurt, sezonsko vo\u0107e<\/p>\n\n\n\n<p><strong>TJEDAN 4<\/strong><br>PON: sendvi\u010d sa \u0161unkom i sirom, \u010daj<br>UTO: pa\u0161ta bolonjez, kruh, voda<\/p>\n\n\n\n<p>SRI: sirni namaz, kruh, \u010daj<br>\u010cET: pure\u0107i ri\u017eoto, kruh, sok<br>PET: krafna, bijela kava, sezonsko vo<\/p>\n\n\n\n<p>Produ\u017eeni boravak: <\/p>\n\n\n\n<figure class=\"wp-block-image size-full is-resized\"><img loading=\"lazy\" src=\"https:\/\/osnovnaskolakrk.hr\/vrh\/wp-content\/uploads\/jelovnik-PB.png\" alt=\"\" class=\"wp-image-5721\" width=\"881\" height=\"354\" srcset=\"http:\/\/osnovnaskolakrk.hr\/vrh\/wp-content\/uploads\/jelovnik-PB.png 1087w, http:\/\/osnovnaskolakrk.hr\/vrh\/wp-content\/uploads\/jelovnik-PB-768x309.png 768w, http:\/\/osnovnaskolakrk.hr\/vrh\/wp-content\/uploads\/jelovnik-PB-624x251.png 624w\" sizes=\"(max-width: 881px) 100vw, 881px\" \/><\/figure>\n","protected":false},"excerpt":{"rendered":"<p>TJEDAN 1PON: pure\u0107a \u0161unka, sir, kruh, \u010dajUTO: gula\u0161 s palentom, kruh, sokSRI: maslac, marmelada, med, kruh i mlijeko\u010cET: piletina u umaku, ri\u017ei-bi\u017ei, kruh, vodaPET: griz na mlijeku, kola\u010d, \u010daj, sezonsko vo\u0107e TJEDAN 2PON: sirni namaz, kruh, bijela kavaUTO: pa\u0161ta bolonjez, cikla, kruh, sokSRI: pa\u0161teta od tune\/jetrena pa\u0161teta, kruh, \u010daj\u010cET: mane\u0161tra od je\u010dma, kruh, sokPET: linolada, [&hellip;]<\/p>\n","protected":false},"author":1,"featured_media":0,"parent":0,"menu_order":0,"comment_status":"closed","ping_status":"closed","template":"","meta":[],"_links":{"self":[{"href":"http:\/\/osnovnaskolakrk.hr\/vrh\/index.php?rest_route=\/wp\/v2\/pages\/1167"}],"collection":[{"href":"http:\/\/osnovnaskolakrk.hr\/vrh\/index.php?rest_route=\/wp\/v2\/pages"}],"about":[{"href":"http:\/\/osnovnaskolakrk.hr\/vrh\/index.php?rest_route=\/wp\/v2\/types\/page"}],"author":[{"embeddable":true,"href":"http:\/\/osnovnaskolakrk.hr\/vrh\/index.php?rest_route=\/wp\/v2\/users\/1"}],"replies":[{"embeddable":true,"href":"http:\/\/osnovnaskolakrk.hr\/vrh\/index.php?rest_route=%2Fwp%2Fv2%2Fcomments&post=1167"}],"version-history":[{"count":23,"href":"http:\/\/osnovnaskolakrk.hr\/vrh\/index.php?rest_route=\/wp\/v2\/pages\/1167\/revisions"}],"predecessor-version":[{"id":5722,"href":"http:\/\/osnovnaskolakrk.hr\/vrh\/index.php?rest_route=\/wp\/v2\/pages\/1167\/revisions\/5722"}],"wp:attachment":[{"href":"http:\/\/osnovnaskolakrk.hr\/vrh\/index.php?rest_route=%2Fwp%2Fv2%2Fmedia&parent=1167"}],"curies":[{"name":"wp","href":"https:\/\/api.w.org\/{rel}","templated":true}]}}