{"id":180,"date":"2013-10-22T08:43:14","date_gmt":"2013-10-22T08:43:14","guid":{"rendered":"http:\/\/osnovnaskolakrk.hr\/vrh\/?page_id=180"},"modified":"2013-11-04T13:30:13","modified_gmt":"2013-11-04T13:30:13","slug":"povijest-skole","status":"publish","type":"page","link":"http:\/\/osnovnaskolakrk.hr\/vrh\/?page_id=180","title":{"rendered":"Povijest \u0161kole"},"content":{"rendered":"<p>Vrh je naselje na otoku Krku smje\u0161teno sjeverozapadno od <a href=\"http:\/\/www.grad-krk.hr\/\">grada Krka<\/a>\u00a0 i od njega udaljeno oko 5 kilometara.<\/p>\n<p><a href=\"http:\/\/osnovnaskolakrk.hr\/vrh\/wp-content\/uploads\/IMG_4268.jpg\"><img loading=\"lazy\" class=\"wp-image-45 alignleft\" alt=\"IMG_4268\" src=\"http:\/\/osnovnaskolakrk.hr\/vrh\/wp-content\/uploads\/IMG_4268.jpg\" width=\"336\" height=\"252\" srcset=\"http:\/\/osnovnaskolakrk.hr\/vrh\/wp-content\/uploads\/IMG_4268.jpg 2592w, http:\/\/osnovnaskolakrk.hr\/vrh\/wp-content\/uploads\/IMG_4268-300x225.jpg 300w, http:\/\/osnovnaskolakrk.hr\/vrh\/wp-content\/uploads\/IMG_4268-1024x768.jpg 1024w\" sizes=\"(max-width: 336px) 100vw, 336px\" \/><\/a>Dana\u0161nji Vrh \u010dine sljede\u0107a naselja: <i>Vrh<\/i>, <i>Kosi\u0107i<\/i> i <i>Salati\u0107i<\/i>. Navedena mjesta imaju ukupno oko 800 stanovnika. Prvo naselje za koje se zna na tom prostoru bile su <i>Brajde <\/i>u 15. st<i>.<\/i> naseljene kr\u0161\u0107anskim stanovni\u0161tvom koje se bavi poljoprivredom i sto\u010darstvom. Tako je uglavnom i danas iako se stanovni\u0161tvo Vrha sve vi\u0161e okre\u0107e turizmu i ostalim gospodarskim granama.<\/p>\n<p>Vrh sve vi\u0161e postaje zanimljiva turisti\u010dka destinacija prepoznatljiva po svojim \u0161etnicama, biciklisti\u010dkim stazama, sportskoj ponudi i agroturizmu. To je mjesto koje ima crkvu, \u0161kolu, du\u0107an i kafi\u0107, te restoran u sklopu agroturizma Dvori svetog Jurja. Tijekom ljetne sezone Vrh nudi smje\u0161taj u privatnim turisti\u010dkim apartmanima i sobama. Kako se stanovni\u0161tvo bavi uglavnom maslinarstvom i ov\u010darstvom, mo\u017eete nabaviti doma\u0107e maslinovo ulje i kvalitetan sir.<\/p>\n<p>\u010cetiri kilometra od mjesta nalazi se i uvala Sveti Juraj gdje mo\u017eete u\u017eivati u kristalno \u010distom Jadranskom moru. Tko je \u017eeljan gradskih pla\u017ea, mo\u017ee se uputiti na neku od obli\u017enjih pla\u017ea grada Krka, te u gradu pro\u0161etati i ve\u010derati prije povrataka u Vrh. Omiljena je i pla\u017ea Jert u obli\u017enjim Pinezi\u0107ima.<\/p>\n<p>Otok Krk posjetiteljima nudi u\u017eivanje u raznim sportskim aktivnostima: jogging, izlet biciklom, opu\u0161tene \u0161etnje \u0161umskim stazama, nordijsko hodanje, izleti brodom, ribarenje, ronjenje.<\/p>\n<p><b>\u00a0<\/b><\/p>\n<p>&nbsp;<\/p>\n<p>Povijest \u0161kolstva na podru\u010dju Vrha i \u0160otoventa<\/p>\n<p>\u0160kolstvo se u Vrhu po\u010dinje razvijati krajem 19. st. Godine 1935. sagra\u0111ena je \u0161kolska zgrada u selu Vrh koja je u takvom obliku funkcionirala oko 60 godina. U zadnje je vrijeme ova \u0161kola bila samo za u\u010denike od 1. do 4. razreda koji su osnovno\u0161kolsko \u0161kolovanje nastavljali u \u0161koli Krk. Kako je broj djece usmjerenih na Podru\u010dnu \u0161kolu Vrh i Mati\u010dnu \u0161kolu Krk rastao zatvaranjem obli\u017enjih \u0161kola nakon Drugog svjetskog rata, najprije u Skp\u010di\u0107ima, pa Poljicima i na kraju Milohni\u0107ima, pojavila se potreba da i Vrh dobije osmogodi\u0161nju \u0161kolu, a time i adekvatnu \u0161kolsku zgradu. Nova zgrada osmogodi\u0161nje osnovne podru\u010dne \u0161kole u Vrhu otvorena je 21.1. 1998. godine, a poha\u0111aju je u\u010denici mjesta Baj\u010di\u0107, Poljica, Brusi\u0107, Nenadi\u0107, Brzac, Milohni\u0107, Linardi\u0107, \u017dgalji\u0107, Skrp\u010di\u0107, Pinezi\u0107, Kosi\u0107, Salati\u0107 i Vrha. Od godine 2006.\u00a0 s ponosom nosi i naziv eko- \u0161kola.<\/p>\n","protected":false},"excerpt":{"rendered":"<p>Vrh je naselje na otoku Krku smje\u0161teno sjeverozapadno od grada Krka\u00a0 i od njega udaljeno oko 5 kilometara. Dana\u0161nji Vrh \u010dine sljede\u0107a naselja: Vrh, Kosi\u0107i i Salati\u0107i. Navedena mjesta imaju ukupno oko 800 stanovnika. Prvo naselje za koje se zna na tom prostoru bile su Brajde u 15. st. naseljene kr\u0161\u0107anskim stanovni\u0161tvom koje se bavi [&hellip;]<\/p>\n","protected":false},"author":1,"featured_media":0,"parent":0,"menu_order":0,"comment_status":"open","ping_status":"open","template":"","meta":[],"_links":{"self":[{"href":"http:\/\/osnovnaskolakrk.hr\/vrh\/index.php?rest_route=\/wp\/v2\/pages\/180"}],"collection":[{"href":"http:\/\/osnovnaskolakrk.hr\/vrh\/index.php?rest_route=\/wp\/v2\/pages"}],"about":[{"href":"http:\/\/osnovnaskolakrk.hr\/vrh\/index.php?rest_route=\/wp\/v2\/types\/page"}],"author":[{"embeddable":true,"href":"http:\/\/osnovnaskolakrk.hr\/vrh\/index.php?rest_route=\/wp\/v2\/users\/1"}],"replies":[{"embeddable":true,"href":"http:\/\/osnovnaskolakrk.hr\/vrh\/index.php?rest_route=%2Fwp%2Fv2%2Fcomments&post=180"}],"version-history":[{"count":7,"href":"http:\/\/osnovnaskolakrk.hr\/vrh\/index.php?rest_route=\/wp\/v2\/pages\/180\/revisions"}],"predecessor-version":[{"id":310,"href":"http:\/\/osnovnaskolakrk.hr\/vrh\/index.php?rest_route=\/wp\/v2\/pages\/180\/revisions\/310"}],"wp:attachment":[{"href":"http:\/\/osnovnaskolakrk.hr\/vrh\/index.php?rest_route=%2Fwp%2Fv2%2Fmedia&parent=180"}],"curies":[{"name":"wp","href":"https:\/\/api.w.org\/{rel}","templated":true}]}}